{"id":1215,"date":"2026-03-25T13:03:38","date_gmt":"2026-03-25T13:03:38","guid":{"rendered":"http:\/\/zskrosno.edu.pl\/?page_id=1215"},"modified":"2026-04-13T11:34:13","modified_gmt":"2026-04-13T11:34:13","slug":"nabor-do-iv-klasy-sportowej","status":"publish","type":"page","link":"https:\/\/zskrosno.edu.pl\/?page_id=1215","title":{"rendered":"Nab\u00f3r do IV klasy sportowej"},"content":{"rendered":"<div class=\"wp-block-image\">\n<figure class=\"aligncenter size-full\"><img loading=\"lazy\" decoding=\"async\" width=\"820\" height=\"462\" src=\"http:\/\/zskrosno.edu.pl\/wp-content\/uploads\/2026\/03\/plakat-nabor-4-klasa.jpg\" alt=\"\" class=\"wp-image-1218\" srcset=\"https:\/\/zskrosno.edu.pl\/wp-content\/uploads\/2026\/03\/plakat-nabor-4-klasa.jpg 820w, https:\/\/zskrosno.edu.pl\/wp-content\/uploads\/2026\/03\/plakat-nabor-4-klasa-300x169.jpg 300w, https:\/\/zskrosno.edu.pl\/wp-content\/uploads\/2026\/03\/plakat-nabor-4-klasa-768x433.jpg 768w\" sizes=\"(max-width: 820px) 100vw, 820px\" \/><\/figure>\n<\/div>\n\n\n<p class=\"has-text-align-center has-large-font-size\"><strong>Zapraszamy kandydat\u00f3w do IV klasy sportowej. Rusza nab\u00f3r na rok szkolny 2026\/2027.&nbsp;<\/strong><\/p>\n\n\n\n<p class=\"has-text-align-center has-large-font-size\"><strong>To kolejny rocznik w naszej szkole, a&nbsp; dotychczasowe klasy sportowe to nie tylko aktywno\u015b\u0107 fizyczna i edukacja w jednym, ale te\u017c zgrany zesp\u00f3\u0142, motywacja i pozytywna energia&nbsp;<\/strong><\/p>\n\n\n\n<p class=\"has-text-align-center\" style=\"font-size:26px\"><strong>Zapraszamy na testy sprawno\u015bciowe&nbsp;(w przyjaznej atmosferze, bez stresu!)&nbsp; 17.04.2026 o godz. 16:00 w Hali OSiR oraz<\/strong><strong>&nbsp;<\/strong><strong>Orlik 2012<\/strong><strong>&nbsp;<\/strong><strong>ul. Krasickiego 16&nbsp;<\/strong><strong>&nbsp;Mosina,&nbsp;<\/strong><\/p>\n\n\n\n<p class=\"has-text-align-center\" style=\"font-size:26px\">Na testy sprawno\u015bciowe dziecko musi posiada\u0107 str\u00f3j sportowy odpowiedni do pogody oraz buty sportowe zmienne.&nbsp;<\/p>\n\n\n\n<p class=\"has-text-align-center\" style=\"font-size:25px\">Poni\u017cej mo\u017cna pobra\u0107 o\u015bwiadczenie rodzica niezb\u0119dne, \u017ceby dziecko mog\u0142o uczestniczy\u0107 w testach sprawno\u015bci i ju\u017c wypisane zabra\u0107 ze sob\u0105. O\u015bwiadczenie b\u0119dzie r\u00f3wnie\u017c dost\u0119pne do wype\u0142nienia na miejscu.<\/p>\n\n\n\n<p class=\"has-text-align-center\" style=\"font-size:26px\"><strong>&nbsp;Spotkanie informacyjne z dyrektorem szko\u0142y 13.04.2026 o godzinie 16.30 (sala 23 budynek pi\u0119trowy ZS Krosno) podczas kt\u00f3rego:<\/strong><\/p>\n\n\n\n<ul class=\"wp-block-list\">\n<li style=\"font-size:26px\">opowiemy o organizacji klasy sportowej,<\/li>\n\n\n\n<li style=\"font-size:26px\">przedstawimy plan i zasady funkcjonowania,<\/li>\n\n\n\n<li style=\"font-size:26px\">odpowiemy na wszystkie Pa\u0144stwa pytania.<\/li>\n<\/ul>\n\n\n\n<figure class=\"wp-block-image size-large\"><img loading=\"lazy\" decoding=\"async\" width=\"750\" height=\"1024\" src=\"http:\/\/zskrosno.edu.pl\/wp-content\/uploads\/2026\/04\/Zrzut-ekranu-2026-04-13-o-13.31.28-750x1024.png\" alt=\"\" class=\"wp-image-1277\" srcset=\"https:\/\/zskrosno.edu.pl\/wp-content\/uploads\/2026\/04\/Zrzut-ekranu-2026-04-13-o-13.31.28-750x1024.png 750w, https:\/\/zskrosno.edu.pl\/wp-content\/uploads\/2026\/04\/Zrzut-ekranu-2026-04-13-o-13.31.28-220x300.png 220w, https:\/\/zskrosno.edu.pl\/wp-content\/uploads\/2026\/04\/Zrzut-ekranu-2026-04-13-o-13.31.28-768x1049.png 768w, https:\/\/zskrosno.edu.pl\/wp-content\/uploads\/2026\/04\/Zrzut-ekranu-2026-04-13-o-13.31.28-791x1080.png 791w, https:\/\/zskrosno.edu.pl\/wp-content\/uploads\/2026\/04\/Zrzut-ekranu-2026-04-13-o-13.31.28.png 984w\" sizes=\"(max-width: 750px) 100vw, 750px\" \/><\/figure>\n\n\n\n<div data-wp-interactive=\"core\/file\" class=\"wp-block-file\"><object data-wp-bind--hidden=\"!state.hasPdfPreview\" hidden class=\"wp-block-file__embed\" data=\"http:\/\/zskrosno.edu.pl\/wp-content\/uploads\/2026\/02\/Zgoda-rodzica-testy-ZS-Krosno.pdf\" type=\"application\/pdf\" style=\"width:100%;height:600px\" aria-label=\"Osadzone z Zgoda rodzica, testy ZS Krosno.\"><\/object><a id=\"wp-block-file--media-7bfcfad5-25bc-453f-bc6e-bf4ce5492c23\" href=\"http:\/\/zskrosno.edu.pl\/wp-content\/uploads\/2026\/02\/Zgoda-rodzica-testy-ZS-Krosno.pdf\">Zgoda rodzica, testy ZS Krosno<\/a><a href=\"http:\/\/zskrosno.edu.pl\/wp-content\/uploads\/2026\/02\/Zgoda-rodzica-testy-ZS-Krosno.pdf\" class=\"wp-block-file__button wp-element-button\" download aria-describedby=\"wp-block-file--media-7bfcfad5-25bc-453f-bc6e-bf4ce5492c23\">Pobierz<\/a><\/div>\n\n\n\n<blockquote class=\"wp-block-quote is-layout-flow wp-block-quote-is-layout-flow\">\n<p class=\"has-text-align-center has-kubio-color-1-color has-text-color has-link-color wp-elements-16620887d96ce31421b98dfe06b8244e\" style=\"font-size:26px\"><strong>Harmonogram czynno\u015bci w post\u0119powaniu rekrutacyjnym&nbsp;<\/strong><br><strong>do IV klasy sportowej&nbsp;<\/strong><br><strong>w roku szkolnym 2026\/2027<\/strong><\/p>\n<\/blockquote>\n\n\n<div class=\"wp-block-image\">\n<figure class=\"aligncenter size-large is-resized\"><img loading=\"lazy\" decoding=\"async\" width=\"1024\" height=\"445\" src=\"http:\/\/zskrosno.edu.pl\/wp-content\/uploads\/2026\/03\/v2-rekrutacja-2026-klasy-4-1024x445.jpg\" alt=\"\" class=\"wp-image-1228\" style=\"width:651px;height:auto\" srcset=\"https:\/\/zskrosno.edu.pl\/wp-content\/uploads\/2026\/03\/v2-rekrutacja-2026-klasy-4-1024x445.jpg 1024w, https:\/\/zskrosno.edu.pl\/wp-content\/uploads\/2026\/03\/v2-rekrutacja-2026-klasy-4-300x130.jpg 300w, https:\/\/zskrosno.edu.pl\/wp-content\/uploads\/2026\/03\/v2-rekrutacja-2026-klasy-4-768x333.jpg 768w, https:\/\/zskrosno.edu.pl\/wp-content\/uploads\/2026\/03\/v2-rekrutacja-2026-klasy-4-1536x667.jpg 1536w, https:\/\/zskrosno.edu.pl\/wp-content\/uploads\/2026\/03\/v2-rekrutacja-2026-klasy-4.jpg 1877w\" sizes=\"(max-width: 1024px) 100vw, 1024px\" \/><\/figure>\n<\/div>\n\n<div class=\"wp-block-image\">\n<figure class=\"aligncenter size-large\"><img loading=\"lazy\" decoding=\"async\" width=\"756\" height=\"1024\" src=\"http:\/\/zskrosno.edu.pl\/wp-content\/uploads\/2026\/03\/v2-Testy-klasa-IV_Strona_1-756x1024.jpg\" alt=\"\" class=\"wp-image-1230\" srcset=\"https:\/\/zskrosno.edu.pl\/wp-content\/uploads\/2026\/03\/v2-Testy-klasa-IV_Strona_1-756x1024.jpg 756w, https:\/\/zskrosno.edu.pl\/wp-content\/uploads\/2026\/03\/v2-Testy-klasa-IV_Strona_1-221x300.jpg 221w, https:\/\/zskrosno.edu.pl\/wp-content\/uploads\/2026\/03\/v2-Testy-klasa-IV_Strona_1-768x1041.jpg 768w, https:\/\/zskrosno.edu.pl\/wp-content\/uploads\/2026\/03\/v2-Testy-klasa-IV_Strona_1-1133x1536.jpg 1133w, https:\/\/zskrosno.edu.pl\/wp-content\/uploads\/2026\/03\/v2-Testy-klasa-IV_Strona_1-797x1080.jpg 797w, https:\/\/zskrosno.edu.pl\/wp-content\/uploads\/2026\/03\/v2-Testy-klasa-IV_Strona_1.jpg 1391w\" sizes=\"(max-width: 756px) 100vw, 756px\" \/><\/figure>\n<\/div>\n\n<div class=\"wp-block-image\">\n<figure class=\"aligncenter size-large\"><img loading=\"lazy\" decoding=\"async\" width=\"837\" height=\"1024\" src=\"http:\/\/zskrosno.edu.pl\/wp-content\/uploads\/2026\/03\/v2-Testy-klasa-IV_Strona_2-837x1024.jpg\" alt=\"\" class=\"wp-image-1231\" srcset=\"https:\/\/zskrosno.edu.pl\/wp-content\/uploads\/2026\/03\/v2-Testy-klasa-IV_Strona_2-837x1024.jpg 837w, https:\/\/zskrosno.edu.pl\/wp-content\/uploads\/2026\/03\/v2-Testy-klasa-IV_Strona_2-245x300.jpg 245w, https:\/\/zskrosno.edu.pl\/wp-content\/uploads\/2026\/03\/v2-Testy-klasa-IV_Strona_2-768x940.jpg 768w, https:\/\/zskrosno.edu.pl\/wp-content\/uploads\/2026\/03\/v2-Testy-klasa-IV_Strona_2-1255x1536.jpg 1255w, https:\/\/zskrosno.edu.pl\/wp-content\/uploads\/2026\/03\/v2-Testy-klasa-IV_Strona_2-882x1080.jpg 882w, https:\/\/zskrosno.edu.pl\/wp-content\/uploads\/2026\/03\/v2-Testy-klasa-IV_Strona_2.jpg 1392w\" sizes=\"(max-width: 837px) 100vw, 837px\" \/><\/figure>\n<\/div>","protected":false},"excerpt":{"rendered":"<p>Zapraszamy kandydat\u00f3w do IV klasy sportowej. Rusza nab\u00f3r na rok szkolny 2026\/2027.&nbsp; To kolejny rocznik w naszej szkole, a&nbsp; dotychczasowe klasy sportowe to nie tylko aktywno\u015b\u0107 fizyczna i edukacja w [&hellip;]<\/p>\n","protected":false},"author":1,"featured_media":0,"parent":0,"menu_order":0,"comment_status":"closed","ping_status":"closed","template":"","meta":{"saved_in_kubio":true,"_price":"","_stock":"","_tribe_ticket_header":"","_tribe_default_ticket_provider":"","_ticket_start_date":"","_ticket_end_date":"","_tribe_ticket_show_description":"","_tribe_ticket_show_not_going":false,"_tribe_ticket_use_global_stock":"","_tribe_ticket_global_stock_level":"","_global_stock_mode":"","_global_stock_cap":"","_tribe_rsvp_for_event":"","_tribe_ticket_going_count":"","_tribe_ticket_not_going_count":"","_tribe_tickets_list":"[]","_tribe_ticket_has_attendee_info_fields":false,"footnotes":"","_tec_slr_enabled":"","_tec_slr_layout":""},"class_list":["post-1215","page","type-page","status-publish","hentry"],"kubio_ai_page_context":{"short_desc":"","purpose":"general"},"ticketed":false,"_links":{"self":[{"href":"https:\/\/zskrosno.edu.pl\/index.php?rest_route=\/wp\/v2\/pages\/1215","targetHints":{"allow":["GET"]}}],"collection":[{"href":"https:\/\/zskrosno.edu.pl\/index.php?rest_route=\/wp\/v2\/pages"}],"about":[{"href":"https:\/\/zskrosno.edu.pl\/index.php?rest_route=\/wp\/v2\/types\/page"}],"author":[{"embeddable":true,"href":"https:\/\/zskrosno.edu.pl\/index.php?rest_route=\/wp\/v2\/users\/1"}],"replies":[{"embeddable":true,"href":"https:\/\/zskrosno.edu.pl\/index.php?rest_route=%2Fwp%2Fv2%2Fcomments&post=1215"}],"version-history":[{"count":16,"href":"https:\/\/zskrosno.edu.pl\/index.php?rest_route=\/wp\/v2\/pages\/1215\/revisions"}],"predecessor-version":[{"id":1279,"href":"https:\/\/zskrosno.edu.pl\/index.php?rest_route=\/wp\/v2\/pages\/1215\/revisions\/1279"}],"wp:attachment":[{"href":"https:\/\/zskrosno.edu.pl\/index.php?rest_route=%2Fwp%2Fv2%2Fmedia&parent=1215"}],"curies":[{"name":"wp","href":"https:\/\/api.w.org\/{rel}","templated":true}]}}