{"id":275,"date":"2025-08-25T10:10:09","date_gmt":"2025-08-25T10:10:09","guid":{"rendered":"http:\/\/zskrosno.edu.pl\/?page_id=275"},"modified":"2025-08-27T05:31:36","modified_gmt":"2025-08-27T05:31:36","slug":"dyrekcja","status":"publish","type":"page","link":"https:\/\/zskrosno.edu.pl\/?page_id=275","title":{"rendered":"Dyrekcja"},"content":{"rendered":"\n<p>Dy\u017cury: <\/p>\n\n\n\n<p><strong>dyrektor Karina Rzepecka<\/strong> poniedzia\u0142ek 14:00 &#8211; 15:00 <\/p>\n\n\n\n<p><strong>wicedyrektor Marcin Winiecki<\/strong> czwartek: 14:00 &#8211; 15:00 <\/p>\n\n\n\n<p><strong>wicedyrektor Karolina Prajs<\/strong> \u015broda: 14:00 &#8211; 15:00<\/p>\n","protected":false},"excerpt":{"rendered":"<p>Dy\u017cury: dyrektor Karina Rzepecka poniedzia\u0142ek 14:00 &#8211; 15:00 wicedyrektor Marcin Winiecki czwartek: 14:00 &#8211; 15:00 wicedyrektor Karolina Prajs \u015broda: 14:00 &#8211; 15:00<\/p>\n","protected":false},"author":1,"featured_media":0,"parent":0,"menu_order":0,"comment_status":"closed","ping_status":"closed","template":"","meta":{"saved_in_kubio":false,"_price":"","_stock":"","_tribe_ticket_header":"","_tribe_default_ticket_provider":"","_ticket_start_date":"","_ticket_end_date":"","_tribe_ticket_show_description":"","_tribe_ticket_show_not_going":false,"_tribe_ticket_use_global_stock":"","_tribe_ticket_global_stock_level":"","_global_stock_mode":"","_global_stock_cap":"","_tribe_rsvp_for_event":"","_tribe_ticket_going_count":"","_tribe_ticket_not_going_count":"","_tribe_tickets_list":"[]","_tribe_ticket_has_attendee_info_fields":false,"footnotes":"","_tec_slr_enabled":"","_tec_slr_layout":""},"class_list":["post-275","page","type-page","status-publish","hentry"],"kubio_ai_page_context":{"short_desc":"","purpose":"general"},"ticketed":false,"_links":{"self":[{"href":"https:\/\/zskrosno.edu.pl\/index.php?rest_route=\/wp\/v2\/pages\/275","targetHints":{"allow":["GET"]}}],"collection":[{"href":"https:\/\/zskrosno.edu.pl\/index.php?rest_route=\/wp\/v2\/pages"}],"about":[{"href":"https:\/\/zskrosno.edu.pl\/index.php?rest_route=\/wp\/v2\/types\/page"}],"author":[{"embeddable":true,"href":"https:\/\/zskrosno.edu.pl\/index.php?rest_route=\/wp\/v2\/users\/1"}],"replies":[{"embeddable":true,"href":"https:\/\/zskrosno.edu.pl\/index.php?rest_route=%2Fwp%2Fv2%2Fcomments&post=275"}],"version-history":[{"count":2,"href":"https:\/\/zskrosno.edu.pl\/index.php?rest_route=\/wp\/v2\/pages\/275\/revisions"}],"predecessor-version":[{"id":424,"href":"https:\/\/zskrosno.edu.pl\/index.php?rest_route=\/wp\/v2\/pages\/275\/revisions\/424"}],"wp:attachment":[{"href":"https:\/\/zskrosno.edu.pl\/index.php?rest_route=%2Fwp%2Fv2%2Fmedia&parent=275"}],"curies":[{"name":"wp","href":"https:\/\/api.w.org\/{rel}","templated":true}]}}