{"id":287,"date":"2025-08-25T10:11:49","date_gmt":"2025-08-25T10:11:49","guid":{"rendered":"http:\/\/zskrosno.edu.pl\/?page_id=287"},"modified":"2025-08-26T09:43:51","modified_gmt":"2025-08-26T09:43:51","slug":"stolowka-szkolna","status":"publish","type":"page","link":"https:\/\/zskrosno.edu.pl\/?page_id=287","title":{"rendered":"Sto\u0142\u00f3wka szkolna"},"content":{"rendered":"\n<p>Poni\u017cej informacja dotycz\u0105ca sposobu zamawiania obiad\u00f3w w naszej plac\u00f3wce.<\/p>\n\n\n\n<figure class=\"wp-block-image size-full\"><img loading=\"lazy\" decoding=\"async\" width=\"391\" height=\"584\" src=\"http:\/\/zskrosno.edu.pl\/wp-content\/uploads\/2025\/08\/Zrzut-ekranu-2025-08-26-113416.png\" alt=\"\" class=\"wp-image-380\" srcset=\"https:\/\/zskrosno.edu.pl\/wp-content\/uploads\/2025\/08\/Zrzut-ekranu-2025-08-26-113416.png 391w, https:\/\/zskrosno.edu.pl\/wp-content\/uploads\/2025\/08\/Zrzut-ekranu-2025-08-26-113416-201x300.png 201w\" sizes=\"(max-width: 391px) 100vw, 391px\" \/><\/figure>\n\n\n\n<p>Rejestracja do platformy&nbsp;<a rel=\"noreferrer noopener\" target=\"_blank\" href=\"http:\/\/zamowposilek.pl\/\">zamowposilek.pl<\/a>&nbsp;jest mo\u017cliwa na stronie internetowej:<\/p>\n\n\n\n<p><a href=\"https:\/\/aplikacja.zamowposilek.pl\/users\/sign_up\">https:\/\/aplikacja.zamowposilek.pl\/users\/sign_up<\/a><\/p>\n\n\n\n<p>Poni\u017cej znajduj\u0105 si\u0119 linki do film\u00f3w instrukta\u017cowych (nale\u017cy klikn\u0105\u0107 w poni\u017csze linki aby otworzy\u0107 lub skopiowa\u0107 do przegl\u0105darki internetowej):<\/p>\n\n\n\n<p><a href=\"https:\/\/www.youtube.com\/watch?v=mVUF8pUVsQM\">Rejestracja w aplikacji zamowposilek pl<\/a><br><a href=\"https:\/\/youtu.be\/mVUF8pUVsQM?si=J1J5ZXipVrFyuzzC\">jak p\u0142aci\u0107 i zamawia\u0107 posi\u0142ki<\/a><\/p>\n\n\n\n<p>Nasz system dzia\u0142a na zasadzie przedp\u0142at, to znaczy, aby m\u00f3c zam\u00f3wi\u0107 posi\u0142ki nale\u017cy najpierw dokona\u0107 wp\u0142aty zaliczki, a po jej zaksi\u0119gowaniu w aplikacji z\u0142o\u017cy\u0107 zam\u00f3wienie (wybra\u0107 zestawy na poszczeg\u00f3lne dni). Sama wp\u0142ata nie oznacza zam\u00f3wienia, poniewa\u017c nie wiemy jakie zestawy zosta\u0142y wybrane i na kt\u00f3re dni.<\/p>\n\n\n\n<p>Zam\u00f3wienie obiad\u00f3w jest mo\u017cliwe do godz. 18:00 w dniu poprzedzaj\u0105cym wydanie posi\u0142ku.<br>Natomiast anulowanie obiad\u00f3w mo\u017cliwe jest w dniu wydania posi\u0142ku do godziny 9:00.<\/p>\n\n\n\n<p>Po zarejestrowaniu zach\u0119camy Pa\u0144stwa do skorzystania z wygodnej aplikacji mobilnej na telefony.<\/p>\n\n\n\n<p>Jak to zrobi\u0107:<br>w telefonie z systemem Android (Samsung, LG, HTC, Huawei i inne) nale\u017cy wej\u015b\u0107 w Sklep Play (Google Play), w telefonie firmy iPhone nale\u017cy wej\u015b\u0107 w sklep App Store.<br>nast\u0119pnie wyszuka\u0107&nbsp;<a rel=\"noreferrer noopener\" target=\"_blank\" href=\"http:\/\/zamowposilek.pl\/\">zamowposilek.pl<\/a>&nbsp;z ikonk\u0105 no\u017ca i widelca,<br>klikn\u0105\u0107 zainstaluj i otw\u00f3rz,<br>pozostaje ju\u017c tylko zalogowanie si\u0119 &#8211; login to podany przy rejestracji email, a has\u0142o jest to samo jakie nadano przy pierwszym logowaniu<\/p>\n\n\n\n<p>W przypadku problem\u00f3w z rejestracj\u0105 lub sam\u0105 aplikacj\u0105 prosimy o kontakt z Biurem Obs\u0142ugi Klienta przez nasz\u0105 stron\u0119&nbsp;<a rel=\"noreferrer noopener\" target=\"_blank\" href=\"http:\/\/www.zamowposilek.pl\/\">www.zamowposilek.pl<\/a>&nbsp;lub po udanym zalogowaniu przez zak\u0142adk\u0119 Pomoc \u201eWy\u015blij wiadomo\u015b\u0107\u201d. W Pomocy znajd\u0105 Pa\u0144stwo r\u00f3wnie\u017c aktualn\u0105 instrukcj\u0119 obs\u0142ugi aplikacji.<\/p>\n\n\n\n<p>Pytania odno\u015bnie jad\u0142ospisu, diet itp. prosimy kierowa\u0107 bezpo\u015brednio do dostawcy posi\u0142k\u00f3w, r\u00f3wnie\u017c poprzez zak\u0142adk\u0119 Pomoc.<br>Pozdrawiamy<br>Zesp\u00f3\u0142&nbsp;<a rel=\"noreferrer noopener\" target=\"_blank\" href=\"http:\/\/zamowposilek.pl\/\">zamowposilek.pl<\/a><br>Wa\u017cne informacje podczas rejestracji:<\/p>\n\n\n\n<p>&#8211; w przypadku, gdy dziecko je obiady w budynku w Kro\u015bnie (oddzia\u0142y przedszkolne) wybieramy:<br>wojew\u00f3dztwo wielkopolskie\/ miasto: Krosno gm. Mosina \/ miejsce dostawy: Zesp\u00f3\u0142 Szk\u00f3\u0142 w Kro\u015bnie ul. G\u0141\u00d3WNA 43, 62-050 Krosno gm. Mosina<\/p>\n\n\n\n<p>&#8211; w przypadku, gdy dziecko je obiady w budynku w Mosinie (klasy 1-8) wybieramy<br>wojew\u00f3dztwo wielkopolskie\/ miasto: Krosno gm. Mosina \/ miejsce dostawy: Zesp\u00f3\u0142 Szk\u00f3\u0142 w Kro\u015bnie ul. KRASICKIEGO 16, 62-050 Mosina.<\/p>\n\n\n\n<p>Jako dostawca (w nast\u0119pnym oknie) w obu przypadkach powinien si\u0119 Pa\u0144stwu pojawi\u0107 Catering \u201ePod Wierzbami\u201d<\/p>\n\n\n\n<p>Pozdrawiam<br>Natalia Krekora<\/p>\n","protected":false},"excerpt":{"rendered":"<p>Poni\u017cej informacja dotycz\u0105ca sposobu zamawiania obiad\u00f3w w naszej plac\u00f3wce. Rejestracja do platformy&nbsp;zamowposilek.pl&nbsp;jest mo\u017cliwa na stronie internetowej: https:\/\/aplikacja.zamowposilek.pl\/users\/sign_up Poni\u017cej znajduj\u0105 si\u0119 linki do film\u00f3w instrukta\u017cowych (nale\u017cy klikn\u0105\u0107 w poni\u017csze linki aby [&hellip;]<\/p>\n","protected":false},"author":1,"featured_media":380,"parent":0,"menu_order":0,"comment_status":"closed","ping_status":"closed","template":"","meta":{"saved_in_kubio":false,"_price":"","_stock":"","_tribe_ticket_header":"","_tribe_default_ticket_provider":"","_ticket_start_date":"","_ticket_end_date":"","_tribe_ticket_show_description":"","_tribe_ticket_show_not_going":false,"_tribe_ticket_use_global_stock":"","_tribe_ticket_global_stock_level":"","_global_stock_mode":"","_global_stock_cap":"","_tribe_rsvp_for_event":"","_tribe_ticket_going_count":"","_tribe_ticket_not_going_count":"","_tribe_tickets_list":"[]","_tribe_ticket_has_attendee_info_fields":false,"footnotes":"","_tec_slr_enabled":"","_tec_slr_layout":""},"class_list":["post-287","page","type-page","status-publish","has-post-thumbnail","hentry"],"kubio_ai_page_context":{"short_desc":"","purpose":"general"},"ticketed":false,"_links":{"self":[{"href":"https:\/\/zskrosno.edu.pl\/index.php?rest_route=\/wp\/v2\/pages\/287","targetHints":{"allow":["GET"]}}],"collection":[{"href":"https:\/\/zskrosno.edu.pl\/index.php?rest_route=\/wp\/v2\/pages"}],"about":[{"href":"https:\/\/zskrosno.edu.pl\/index.php?rest_route=\/wp\/v2\/types\/page"}],"author":[{"embeddable":true,"href":"https:\/\/zskrosno.edu.pl\/index.php?rest_route=\/wp\/v2\/users\/1"}],"replies":[{"embeddable":true,"href":"https:\/\/zskrosno.edu.pl\/index.php?rest_route=%2Fwp%2Fv2%2Fcomments&post=287"}],"version-history":[{"count":5,"href":"https:\/\/zskrosno.edu.pl\/index.php?rest_route=\/wp\/v2\/pages\/287\/revisions"}],"predecessor-version":[{"id":383,"href":"https:\/\/zskrosno.edu.pl\/index.php?rest_route=\/wp\/v2\/pages\/287\/revisions\/383"}],"wp:featuredmedia":[{"embeddable":true,"href":"https:\/\/zskrosno.edu.pl\/index.php?rest_route=\/wp\/v2\/media\/380"}],"wp:attachment":[{"href":"https:\/\/zskrosno.edu.pl\/index.php?rest_route=%2Fwp%2Fv2%2Fmedia&parent=287"}],"curies":[{"name":"wp","href":"https:\/\/api.w.org\/{rel}","templated":true}]}}