{"id":330,"date":"2025-08-25T11:01:55","date_gmt":"2025-08-25T11:01:55","guid":{"rendered":"http:\/\/zskrosno.edu.pl\/?page_id=330"},"modified":"2025-11-17T08:52:03","modified_gmt":"2025-11-17T08:52:03","slug":"statut-szkoly","status":"publish","type":"page","link":"https:\/\/zskrosno.edu.pl\/?page_id=330","title":{"rendered":"Statut szko\u0142y"},"content":{"rendered":"\n<div class=\"wp-block-file\"><a id=\"wp-block-file--media-fd325c39-0a20-4058-a27b-96adcb1ae1e5\" href=\"http:\/\/zskrosno.edu.pl\/wp-content\/uploads\/2025\/11\/Statut-Szkoly-Podstawowej-im.-15.-Pulku-Ulanow-Poznanskich-w-Zespole-Szkol-w-Krosnie.pdf\">Statut Szko\u0142y Podstawowej im. 15. Pu\u0142ku U\u0142an\u00f3w Pozna\u0144skich w Zespole Szk\u00f3\u0142 w Kro\u015bnie<\/a><a href=\"http:\/\/zskrosno.edu.pl\/wp-content\/uploads\/2025\/11\/Statut-Szkoly-Podstawowej-im.-15.-Pulku-Ulanow-Poznanskich-w-Zespole-Szkol-w-Krosnie.pdf\" class=\"wp-block-file__button wp-element-button\" download aria-describedby=\"wp-block-file--media-fd325c39-0a20-4058-a27b-96adcb1ae1e5\">Pobierz<\/a><\/div>\n\n\n\n<p><\/p>\n","protected":false},"excerpt":{"rendered":"","protected":false},"author":1,"featured_media":0,"parent":0,"menu_order":0,"comment_status":"closed","ping_status":"closed","template":"","meta":{"saved_in_kubio":false,"_price":"","_stock":"","_tribe_ticket_header":"","_tribe_default_ticket_provider":"","_ticket_start_date":"","_ticket_end_date":"","_tribe_ticket_show_description":"","_tribe_ticket_show_not_going":false,"_tribe_ticket_use_global_stock":"","_tribe_ticket_global_stock_level":"","_global_stock_mode":"","_global_stock_cap":"","_tribe_rsvp_for_event":"","_tribe_ticket_going_count":"","_tribe_ticket_not_going_count":"","_tribe_tickets_list":"[]","_tribe_ticket_has_attendee_info_fields":false,"footnotes":"","_tec_slr_enabled":"","_tec_slr_layout":""},"class_list":["post-330","page","type-page","status-publish","hentry"],"kubio_ai_page_context":{"short_desc":"","purpose":"general"},"ticketed":false,"_links":{"self":[{"href":"https:\/\/zskrosno.edu.pl\/index.php?rest_route=\/wp\/v2\/pages\/330","targetHints":{"allow":["GET"]}}],"collection":[{"href":"https:\/\/zskrosno.edu.pl\/index.php?rest_route=\/wp\/v2\/pages"}],"about":[{"href":"https:\/\/zskrosno.edu.pl\/index.php?rest_route=\/wp\/v2\/types\/page"}],"author":[{"embeddable":true,"href":"https:\/\/zskrosno.edu.pl\/index.php?rest_route=\/wp\/v2\/users\/1"}],"replies":[{"embeddable":true,"href":"https:\/\/zskrosno.edu.pl\/index.php?rest_route=%2Fwp%2Fv2%2Fcomments&post=330"}],"version-history":[{"count":4,"href":"https:\/\/zskrosno.edu.pl\/index.php?rest_route=\/wp\/v2\/pages\/330\/revisions"}],"predecessor-version":[{"id":959,"href":"https:\/\/zskrosno.edu.pl\/index.php?rest_route=\/wp\/v2\/pages\/330\/revisions\/959"}],"wp:attachment":[{"href":"https:\/\/zskrosno.edu.pl\/index.php?rest_route=%2Fwp%2Fv2%2Fmedia&parent=330"}],"curies":[{"name":"wp","href":"https:\/\/api.w.org\/{rel}","templated":true}]}}