{"id":35,"date":"2025-06-09T09:05:10","date_gmt":"2025-06-09T09:05:10","guid":{"rendered":"https:\/\/zskrosno.edu.pl\/?page_id=35"},"modified":"2026-03-02T15:43:25","modified_gmt":"2026-03-02T15:43:25","slug":"artykuly","status":"publish","type":"page","link":"https:\/\/zskrosno.edu.pl\/?page_id=35","title":{"rendered":"Rekrutacja"},"content":{"rendered":"\n<figure class=\"wp-block-image\"><img decoding=\"async\" src=\"https:\/\/static.xx.fbcdn.net\/images\/emoji.php\/v9\/td8\/2\/16\/1f4e2.png\" alt=\"\ud83d\udce2\"\/><\/figure>\n\n\n\n<p>Rekrutacja do szk\u00f3\u0142 i przedszkoli na terenie gminy Mosina!<\/p>\n\n\n\n<figure class=\"wp-block-image\"><img decoding=\"async\" src=\"https:\/\/static.xx.fbcdn.net\/images\/emoji.php\/v9\/tc4\/2\/16\/1f393.png\" alt=\"\ud83c\udf93\"\/><\/figure>\n\n\n\n<p>Zapraszamy rodzic\u00f3w i opiekun\u00f3w do zapoznania si\u0119 z zasadami oraz harmonogramem rekrutacji do przedszkoli, oddzia\u0142\u00f3w przedszkolnych oraz klas pierwszych w szko\u0142ach podstawowych.<br>Rekrutacja odbywa si\u0119 w systemie elektronicznym, co zapewnia szybki i wygodny proces zg\u0142oszenia dziecka.<\/p>\n\n\n\n<figure class=\"wp-block-image\"><img decoding=\"async\" src=\"https:\/\/static.xx.fbcdn.net\/images\/emoji.php\/v9\/t1f\/2\/16\/27a1.png\" alt=\"\u27a1\ufe0f\"\/><\/figure>\n\n\n\n<p>Szczeg\u00f3\u0142y znajdziecie na stronie Urz\u0119du:&nbsp;<a href=\"https:\/\/shorturl.at\/ecp5X?fbclid=IwZXh0bgNhZW0CMTAAYnJpZBExMWtQY29TZDF0NFRQb0F6dHNydGMGYXBwX2lkEDIyMjAzOTE3ODgyMDA4OTIAAR6fu8VLh0b3ZKbD-H85uZ0AsO1SF6JqDo1dbAUhhr-nN5SxjwVoTp7ss853Ng_aem_jblmJPZj24xZmtnWP2nYUg\" rel=\"noreferrer noopener\" target=\"_blank\">https:\/\/shorturl.at\/ecp5X<\/a><\/p>\n\n\n\n<figure class=\"wp-block-image\"><img decoding=\"async\" src=\"https:\/\/static.xx.fbcdn.net\/images\/emoji.php\/v9\/t1d\/2\/16\/1f4c5.png\" alt=\"\ud83d\udcc5\"\/><\/figure>\n\n\n\n<p>&nbsp;Nie przegapcie wa\u017cnych termin\u00f3w.<\/p>\n\n\n\n<figure class=\"wp-block-image\"><img decoding=\"async\" src=\"https:\/\/static.xx.fbcdn.net\/images\/emoji.php\/v9\/t1f\/2\/16\/27a1.png\" alt=\"\u27a1\ufe0f\"\/><\/figure>\n\n\n\n<p>Sk\u0142adanie wniosk\u00f3w od 03.03.2026 r. do 24.03.2026 r. do godz. 13:00<\/p>\n\n\n\n<figure class=\"wp-block-image size-large\"><img loading=\"lazy\" decoding=\"async\" width=\"1024\" height=\"683\" src=\"http:\/\/zskrosno.edu.pl\/wp-content\/uploads\/2026\/03\/629623234_1347287664112573_975724981118903658_n-1024x683.jpg\" alt=\"\" class=\"wp-image-1143\" srcset=\"https:\/\/zskrosno.edu.pl\/wp-content\/uploads\/2026\/03\/629623234_1347287664112573_975724981118903658_n-1024x683.jpg 1024w, https:\/\/zskrosno.edu.pl\/wp-content\/uploads\/2026\/03\/629623234_1347287664112573_975724981118903658_n-300x200.jpg 300w, https:\/\/zskrosno.edu.pl\/wp-content\/uploads\/2026\/03\/629623234_1347287664112573_975724981118903658_n-768x512.jpg 768w, https:\/\/zskrosno.edu.pl\/wp-content\/uploads\/2026\/03\/629623234_1347287664112573_975724981118903658_n-1536x1024.jpg 1536w, https:\/\/zskrosno.edu.pl\/wp-content\/uploads\/2026\/03\/629623234_1347287664112573_975724981118903658_n-1620x1080.jpg 1620w, https:\/\/zskrosno.edu.pl\/wp-content\/uploads\/2026\/03\/629623234_1347287664112573_975724981118903658_n.jpg 2048w\" sizes=\"(max-width: 1024px) 100vw, 1024px\" \/><\/figure>\n","protected":false},"excerpt":{"rendered":"<p>Rekrutacja do szk\u00f3\u0142 i przedszkoli na terenie gminy Mosina! Zapraszamy rodzic\u00f3w i opiekun\u00f3w do zapoznania si\u0119 z zasadami oraz harmonogramem rekrutacji do przedszkoli, oddzia\u0142\u00f3w przedszkolnych oraz klas pierwszych w szko\u0142ach [&hellip;]<\/p>\n","protected":false},"author":1,"featured_media":0,"parent":0,"menu_order":0,"comment_status":"closed","ping_status":"closed","template":"full-width","meta":{"saved_in_kubio":true,"_price":"","_stock":"","_tribe_ticket_header":"","_tribe_default_ticket_provider":"","_ticket_start_date":"","_ticket_end_date":"","_tribe_ticket_show_description":"","_tribe_ticket_show_not_going":false,"_tribe_ticket_use_global_stock":"","_tribe_ticket_global_stock_level":"","_global_stock_mode":"","_global_stock_cap":"","_tribe_rsvp_for_event":"","_tribe_ticket_going_count":"","_tribe_ticket_not_going_count":"","_tribe_tickets_list":"[]","_tribe_ticket_has_attendee_info_fields":false,"footnotes":"","_tec_slr_enabled":"","_tec_slr_layout":""},"class_list":["post-35","page","type-page","status-publish","hentry"],"kubio_ai_page_context":{"short_desc":"","purpose":"general"},"ticketed":false,"_links":{"self":[{"href":"https:\/\/zskrosno.edu.pl\/index.php?rest_route=\/wp\/v2\/pages\/35","targetHints":{"allow":["GET"]}}],"collection":[{"href":"https:\/\/zskrosno.edu.pl\/index.php?rest_route=\/wp\/v2\/pages"}],"about":[{"href":"https:\/\/zskrosno.edu.pl\/index.php?rest_route=\/wp\/v2\/types\/page"}],"author":[{"embeddable":true,"href":"https:\/\/zskrosno.edu.pl\/index.php?rest_route=\/wp\/v2\/users\/1"}],"replies":[{"embeddable":true,"href":"https:\/\/zskrosno.edu.pl\/index.php?rest_route=%2Fwp%2Fv2%2Fcomments&post=35"}],"version-history":[{"count":4,"href":"https:\/\/zskrosno.edu.pl\/index.php?rest_route=\/wp\/v2\/pages\/35\/revisions"}],"predecessor-version":[{"id":1165,"href":"https:\/\/zskrosno.edu.pl\/index.php?rest_route=\/wp\/v2\/pages\/35\/revisions\/1165"}],"wp:attachment":[{"href":"https:\/\/zskrosno.edu.pl\/index.php?rest_route=%2Fwp%2Fv2%2Fmedia&parent=35"}],"curies":[{"name":"wp","href":"https:\/\/api.w.org\/{rel}","templated":true}]}}