{"id":539,"date":"2025-09-02T06:00:38","date_gmt":"2025-09-02T06:00:38","guid":{"rendered":"http:\/\/zskrosno.edu.pl\/?page_id=539"},"modified":"2025-09-02T06:00:38","modified_gmt":"2025-09-02T06:00:38","slug":"dowozy","status":"publish","type":"page","link":"https:\/\/zskrosno.edu.pl\/?page_id=539","title":{"rendered":"Dowozy"},"content":{"rendered":"\n<figure class=\"wp-block-image size-large\"><img loading=\"lazy\" decoding=\"async\" width=\"724\" height=\"1024\" src=\"http:\/\/zskrosno.edu.pl\/wp-content\/uploads\/2025\/09\/ODWOZY-202526-724x1024.jpg\" alt=\"\" class=\"wp-image-540\" srcset=\"https:\/\/zskrosno.edu.pl\/wp-content\/uploads\/2025\/09\/ODWOZY-202526-724x1024.jpg 724w, https:\/\/zskrosno.edu.pl\/wp-content\/uploads\/2025\/09\/ODWOZY-202526-212x300.jpg 212w, https:\/\/zskrosno.edu.pl\/wp-content\/uploads\/2025\/09\/ODWOZY-202526-768x1086.jpg 768w, https:\/\/zskrosno.edu.pl\/wp-content\/uploads\/2025\/09\/ODWOZY-202526-1086x1536.jpg 1086w, https:\/\/zskrosno.edu.pl\/wp-content\/uploads\/2025\/09\/ODWOZY-202526-1448x2048.jpg 1448w, https:\/\/zskrosno.edu.pl\/wp-content\/uploads\/2025\/09\/ODWOZY-202526-763x1080.jpg 763w, https:\/\/zskrosno.edu.pl\/wp-content\/uploads\/2025\/09\/ODWOZY-202526.jpg 1587w\" sizes=\"(max-width: 724px) 100vw, 724px\" \/><\/figure>\n\n\n\n<p>ROZK\u0141AD AUTOBUS\u00d3W SZKOLNYCH<\/p>\n\n\n\n<p>PRZYWOZY CODZIENNIE:<br>Nowinki &#8211; D\u0119by 07:00<br>Nowinki 07:02<br>Dru\u017cyna PKP 07:05<br>Szklarz\u00f3wka 07:10<br>Borkowice 07:12<br>Borkowice P\u0119tla 07:13<br>Ma\u0142a Dru\u017cyna 07:18<br>Krosno 07:22<br>SP Krasickiego 07:25<\/p>\n\n\n\n<p>Nowinki &#8211; D\u0119by 08:04<br>Nowinki 08:02<br>Dru\u017cyna PKP 08:06<br>Szklarz\u00f3wka 08:10<br>Borkowice 08:12<br>Borkowice P\u0119tla 08:13<br>Ma\u0142a Dru\u017cyna 08:18<br>Krosno 08:21<br>SP Krasickiego 08:25<\/p>\n\n\n\n<p>ODWOZY CODZIENNIE:<br>SP Krasickiego 12:15<br>Krosno 12:22<br>Szklarz\u00f3wka 12:26<br>Borkowice 12:28<br>Borkowice P\u0119tla 12:29<br>Ma\u0142a Dru\u017cyna 12:34<br>Dru\u017cyna PKP 12:36<br>Nowinki 12:38<br>Nowinki &#8211; D\u0119by 12:40<\/p>\n\n\n\n<p>ODWOZY \u015aRODA, PI\u0104TEK:<br>SP Krasickiego 14:20<br>Krosno 14:25<br>Szklarz\u00f3wka 14:30<br>Borkowice 14:32<br>Borkowice P\u0119tla 14:33<br>Ma\u0142a Dru\u017cyna 14:38<br>Dru\u017cyna PKP 14:40<br>Nowinki 14:43<br>Nowinki &#8211; D\u0119by 14:45<\/p>\n\n\n\n<p>ODWOZY PONIEDZIA\u0141EK, WTOREK, CZWARTEK:<br>SP Krasickiego 15:00<br>Krosno 15:05<br>Szklarz\u00f3wka 15:09<br>Borkowice 15:11<br>Borkowice P\u0119tla 15:13<br>Ma\u0142a Dru\u017cyna 15:18<br>Dru\u017cyna PKP 15:20<br>Nowinki 15:22<br>Nowinki &#8211; D\u0119by 15:25<\/p>\n","protected":false},"excerpt":{"rendered":"<p>ROZK\u0141AD AUTOBUS\u00d3W SZKOLNYCH PRZYWOZY CODZIENNIE:Nowinki &#8211; D\u0119by 07:00Nowinki 07:02Dru\u017cyna PKP 07:05Szklarz\u00f3wka 07:10Borkowice 07:12Borkowice P\u0119tla 07:13Ma\u0142a Dru\u017cyna 07:18Krosno 07:22SP Krasickiego 07:25 Nowinki &#8211; D\u0119by 08:04Nowinki 08:02Dru\u017cyna PKP 08:06Szklarz\u00f3wka 08:10Borkowice 08:12Borkowice P\u0119tla [&hellip;]<\/p>\n","protected":false},"author":1,"featured_media":0,"parent":0,"menu_order":0,"comment_status":"closed","ping_status":"closed","template":"","meta":{"saved_in_kubio":false,"_price":"","_stock":"","_tribe_ticket_header":"","_tribe_default_ticket_provider":"","_ticket_start_date":"","_ticket_end_date":"","_tribe_ticket_show_description":"","_tribe_ticket_show_not_going":false,"_tribe_ticket_use_global_stock":"","_tribe_ticket_global_stock_level":"","_global_stock_mode":"","_global_stock_cap":"","_tribe_rsvp_for_event":"","_tribe_ticket_going_count":"","_tribe_ticket_not_going_count":"","_tribe_tickets_list":"[]","_tribe_ticket_has_attendee_info_fields":false,"footnotes":"","_tec_slr_enabled":"","_tec_slr_layout":""},"class_list":["post-539","page","type-page","status-publish","hentry"],"kubio_ai_page_context":{"short_desc":"","purpose":"general"},"ticketed":false,"_links":{"self":[{"href":"https:\/\/zskrosno.edu.pl\/index.php?rest_route=\/wp\/v2\/pages\/539","targetHints":{"allow":["GET"]}}],"collection":[{"href":"https:\/\/zskrosno.edu.pl\/index.php?rest_route=\/wp\/v2\/pages"}],"about":[{"href":"https:\/\/zskrosno.edu.pl\/index.php?rest_route=\/wp\/v2\/types\/page"}],"author":[{"embeddable":true,"href":"https:\/\/zskrosno.edu.pl\/index.php?rest_route=\/wp\/v2\/users\/1"}],"replies":[{"embeddable":true,"href":"https:\/\/zskrosno.edu.pl\/index.php?rest_route=%2Fwp%2Fv2%2Fcomments&post=539"}],"version-history":[{"count":1,"href":"https:\/\/zskrosno.edu.pl\/index.php?rest_route=\/wp\/v2\/pages\/539\/revisions"}],"predecessor-version":[{"id":541,"href":"https:\/\/zskrosno.edu.pl\/index.php?rest_route=\/wp\/v2\/pages\/539\/revisions\/541"}],"wp:attachment":[{"href":"https:\/\/zskrosno.edu.pl\/index.php?rest_route=%2Fwp%2Fv2%2Fmedia&parent=539"}],"curies":[{"name":"wp","href":"https:\/\/api.w.org\/{rel}","templated":true}]}}